{"id":9,"date":"2020-06-21T14:56:56","date_gmt":"2020-06-21T12:56:56","guid":{"rendered":"https:\/\/sarahrealisecom.wordpress.com\/?page_id=9"},"modified":"2026-01-19T19:55:28","modified_gmt":"2026-01-19T18:55:28","slug":"about","status":"publish","type":"page","link":"https:\/\/www.sarahrealise.com\/index.php\/about\/","title":{"rendered":"A propos"},"content":{"rendered":"\n\n\n\n\n\n\n\n","protected":false},"excerpt":{"rendered":"","protected":false},"author":1,"featured_media":0,"parent":0,"menu_order":0,"comment_status":"closed","ping_status":"closed","template":"full-width","meta":[],"yoast_head":"<!-- This site is optimized with the Yoast SEO plugin v19.10 - https:\/\/yoast.com\/wordpress\/plugins\/seo\/ -->\n<title>A propos - SARAH R\u00c9ALISE<\/title>\n<meta name=\"robots\" content=\"index, follow, max-snippet:-1, max-image-preview:large, max-video-preview:-1\" \/>\n<link rel=\"canonical\" href=\"https:\/\/www.sarahrealise.com\/index.php\/about\/\" \/>\n<meta property=\"og:locale\" content=\"fr_FR\" \/>\n<meta property=\"og:type\" content=\"article\" \/>\n<meta property=\"og:title\" content=\"A propos - SARAH R\u00c9ALISE\" \/>\n<meta property=\"og:url\" content=\"https:\/\/www.sarahrealise.com\/index.php\/about\/\" \/>\n<meta property=\"og:site_name\" content=\"SARAH R\u00c9ALISE\" \/>\n<meta property=\"article:modified_time\" content=\"2026-01-19T18:55:28+00:00\" \/>\n<meta name=\"twitter:card\" content=\"summary_large_image\" \/>\n<meta name=\"twitter:label1\" content=\"Dur\u00e9e de lecture estim\u00e9e\" \/>\n\t<meta name=\"twitter:data1\" content=\"4 minutes\" \/>\n<script type=\"application\/ld+json\" class=\"yoast-schema-graph\">{\"@context\":\"https:\/\/schema.org\",\"@graph\":[{\"@type\":\"WebPage\",\"@id\":\"https:\/\/www.sarahrealise.com\/index.php\/about\/\",\"url\":\"https:\/\/www.sarahrealise.com\/index.php\/about\/\",\"name\":\"A propos - SARAH R\u00c9ALISE\",\"isPartOf\":{\"@id\":\"https:\/\/www.sarahrealise.com\/#website\"},\"datePublished\":\"2020-06-21T12:56:56+00:00\",\"dateModified\":\"2026-01-19T18:55:28+00:00\",\"breadcrumb\":{\"@id\":\"https:\/\/www.sarahrealise.com\/index.php\/about\/#breadcrumb\"},\"inLanguage\":\"fr-FR\",\"potentialAction\":[{\"@type\":\"ReadAction\",\"target\":[\"https:\/\/www.sarahrealise.com\/index.php\/about\/\"]}]},{\"@type\":\"BreadcrumbList\",\"@id\":\"https:\/\/www.sarahrealise.com\/index.php\/about\/#breadcrumb\",\"itemListElement\":[{\"@type\":\"ListItem\",\"position\":1,\"name\":\"Accueil\",\"item\":\"https:\/\/www.sarahrealise.com\/\"},{\"@type\":\"ListItem\",\"position\":2,\"name\":\"A propos\"}]},{\"@type\":\"WebSite\",\"@id\":\"https:\/\/www.sarahrealise.com\/#website\",\"url\":\"https:\/\/www.sarahrealise.com\/\",\"name\":\"SARAH R\u00c9ALISE\",\"description\":\"R\u00e9alisation en soi \",\"potentialAction\":[{\"@type\":\"SearchAction\",\"target\":{\"@type\":\"EntryPoint\",\"urlTemplate\":\"https:\/\/www.sarahrealise.com\/?s={search_term_string}\"},\"query-input\":\"required name=search_term_string\"}],\"inLanguage\":\"fr-FR\"}]}<\/script>\n<!-- \/ Yoast SEO plugin. -->","yoast_head_json":{"title":"A propos - SARAH R\u00c9ALISE","robots":{"index":"index","follow":"follow","max-snippet":"max-snippet:-1","max-image-preview":"max-image-preview:large","max-video-preview":"max-video-preview:-1"},"canonical":"https:\/\/www.sarahrealise.com\/index.php\/about\/","og_locale":"fr_FR","og_type":"article","og_title":"A propos - SARAH R\u00c9ALISE","og_url":"https:\/\/www.sarahrealise.com\/index.php\/about\/","og_site_name":"SARAH R\u00c9ALISE","article_modified_time":"2026-01-19T18:55:28+00:00","twitter_card":"summary_large_image","twitter_misc":{"Dur\u00e9e de lecture estim\u00e9e":"4 minutes"},"schema":{"@context":"https:\/\/schema.org","@graph":[{"@type":"WebPage","@id":"https:\/\/www.sarahrealise.com\/index.php\/about\/","url":"https:\/\/www.sarahrealise.com\/index.php\/about\/","name":"A propos - SARAH R\u00c9ALISE","isPartOf":{"@id":"https:\/\/www.sarahrealise.com\/#website"},"datePublished":"2020-06-21T12:56:56+00:00","dateModified":"2026-01-19T18:55:28+00:00","breadcrumb":{"@id":"https:\/\/www.sarahrealise.com\/index.php\/about\/#breadcrumb"},"inLanguage":"fr-FR","potentialAction":[{"@type":"ReadAction","target":["https:\/\/www.sarahrealise.com\/index.php\/about\/"]}]},{"@type":"BreadcrumbList","@id":"https:\/\/www.sarahrealise.com\/index.php\/about\/#breadcrumb","itemListElement":[{"@type":"ListItem","position":1,"name":"Accueil","item":"https:\/\/www.sarahrealise.com\/"},{"@type":"ListItem","position":2,"name":"A propos"}]},{"@type":"WebSite","@id":"https:\/\/www.sarahrealise.com\/#website","url":"https:\/\/www.sarahrealise.com\/","name":"SARAH R\u00c9ALISE","description":"R\u00e9alisation en soi ","potentialAction":[{"@type":"SearchAction","target":{"@type":"EntryPoint","urlTemplate":"https:\/\/www.sarahrealise.com\/?s={search_term_string}"},"query-input":"required name=search_term_string"}],"inLanguage":"fr-FR"}]}},"_links":{"self":[{"href":"https:\/\/www.sarahrealise.com\/index.php\/wp-json\/wp\/v2\/pages\/9"}],"collection":[{"href":"https:\/\/www.sarahrealise.com\/index.php\/wp-json\/wp\/v2\/pages"}],"about":[{"href":"https:\/\/www.sarahrealise.com\/index.php\/wp-json\/wp\/v2\/types\/page"}],"author":[{"embeddable":true,"href":"https:\/\/www.sarahrealise.com\/index.php\/wp-json\/wp\/v2\/users\/1"}],"replies":[{"embeddable":true,"href":"https:\/\/www.sarahrealise.com\/index.php\/wp-json\/wp\/v2\/comments?post=9"}],"version-history":[{"count":169,"href":"https:\/\/www.sarahrealise.com\/index.php\/wp-json\/wp\/v2\/pages\/9\/revisions"}],"predecessor-version":[{"id":2871,"href":"https:\/\/www.sarahrealise.com\/index.php\/wp-json\/wp\/v2\/pages\/9\/revisions\/2871"}],"wp:attachment":[{"href":"https:\/\/www.sarahrealise.com\/index.php\/wp-json\/wp\/v2\/media?parent=9"}],"curies":[{"name":"wp","href":"https:\/\/api.w.org\/{rel}","templated":true}]}}